{"id":900,"date":"2024-05-26T14:06:08","date_gmt":"2024-05-26T12:06:08","guid":{"rendered":"https:\/mi-cuenta\/"},"modified":"2026-01-26T23:52:51","modified_gmt":"2026-01-26T22:52:51","slug":"mi-cuenta","status":"publish","type":"page","link":"https:\/\/zstrategy.es\/en\/mi-cuenta\/","title":{"rendered":"Mi cuenta"},"content":{"rendered":"<div data-elementor-type=\"wp-page\" data-elementor-id=\"900\" class=\"elementor elementor-900\" data-elementor-post-type=\"page\">\n\t\t\t\t<div class=\"elementor-element elementor-element-99768c3 e-con-full e-flex e-con e-parent\" data-id=\"99768c3\" data-element_type=\"container\" data-e-type=\"container\">\n\t\t\t\t<div class=\"elementor-element elementor-element-2c3f485 elementor-widget__width-initial e-my-account-tabs-vertical elementor-widget elementor-widget-woocommerce-my-account\" data-id=\"2c3f485\" data-element_type=\"widget\" data-e-type=\"widget\" data-widget_type=\"woocommerce-my-account.default\">\n\t\t\t\t<div class=\"elementor-widget-container\">\n\t\t\t\t\t<div class=\"e-my-account-tab e-my-account-tab__\">\t\t\t<div class=\"woocommerce\"><\/div>\t\t<\/div>\n\t\t\t\t\t\t<\/div>\n\t\t\t\t<\/div>\n\t\t\t\t<\/div>\n\t\t\t\t<\/div>","protected":false},"excerpt":{"rendered":"<p>Escritorio Pedidos Descargas Direcciones M\u00e9todos de pago Detalles de la cuenta Suscripciones Cerrar sesi\u00f3n Hola admin_zst (\u00bfno eres admin_zst? Cerrar sesi\u00f3n) Desde el escritorio de tu cuenta puedes ver tus pedidos recientes, gestionar tu direcci\u00f3n de facturaci\u00f3n y editar tu contrase\u00f1a y los detalles de tu cuenta. Preguntas frecuentes (FAQs) Perfil de usuario \u00bfPuedo modificar [&hellip;]<\/p>\n","protected":false},"author":1,"featured_media":0,"parent":0,"menu_order":0,"comment_status":"closed","ping_status":"closed","template":"elementor_header_footer","meta":{"footnotes":""},"class_list":["post-900","page","type-page","status-publish","hentry"],"_hostinger_reach_plugin_has_subscription_block":false,"_hostinger_reach_plugin_is_elementor":false,"jetpack_sharing_enabled":true,"_links":{"self":[{"href":"https:\/\/zstrategy.es\/en\/wp-json\/wp\/v2\/pages\/900","targetHints":{"allow":["GET"]}}],"collection":[{"href":"https:\/\/zstrategy.es\/en\/wp-json\/wp\/v2\/pages"}],"about":[{"href":"https:\/\/zstrategy.es\/en\/wp-json\/wp\/v2\/types\/page"}],"author":[{"embeddable":true,"href":"https:\/\/zstrategy.es\/en\/wp-json\/wp\/v2\/users\/1"}],"replies":[{"embeddable":true,"href":"https:\/\/zstrategy.es\/en\/wp-json\/wp\/v2\/comments?post=900"}],"version-history":[{"count":61,"href":"https:\/\/zstrategy.es\/en\/wp-json\/wp\/v2\/pages\/900\/revisions"}],"predecessor-version":[{"id":2565,"href":"https:\/\/zstrategy.es\/en\/wp-json\/wp\/v2\/pages\/900\/revisions\/2565"}],"wp:attachment":[{"href":"https:\/\/zstrategy.es\/en\/wp-json\/wp\/v2\/media?parent=900"}],"curies":[{"name":"wp","href":"https:\/\/api.w.org\/{rel}","templated":true}]}}